{"id":242,"date":"2014-10-14T12:22:53","date_gmt":"2014-10-14T11:22:53","guid":{"rendered":"https:\/\/elcotarro.com\/?page_id=242"},"modified":"2015-12-11T13:24:55","modified_gmt":"2015-12-11T13:24:55","slug":"hemeroteca","status":"publish","type":"page","link":"https:\/\/elcotarro.com\/?page_id=242","title":{"rendered":"A\u00f1o 2014"},"content":{"rendered":"<h3>Relaci\u00f3n de p\u00e1ginas de<em>\u00a0\u00abEl Cotarro\u00bb<\/em>\u00a0publicadas en plataforma digital en el A\u00d1O 2014:<\/h3>\n<hr \/>\n<h3>DICIEMBRE &#8211; 2014<\/h3>\n<table>\n<tbody>\n<tr>\n<td style=\"text-align: center;\">N\u00ba 013 &#8211; 07 Diciembre<\/td>\n<td style=\"text-align: center;\">N\u00ba 014 &#8211; 14 Diciembre<\/td>\n<td style=\"text-align: center;\">N\u00ba 015 &#8211; 21 Diciembre<\/td>\n<td style=\"text-align: center;\">N\u00ba 016 &#8211; 28 Diciembre<\/td>\n<\/tr>\n<tr>\n<td><a href=\"https:\/\/elcotarro.com\/PUBLI\/141207-EL-COTARRO.pdf\" target=\"_blank\"><img loading=\"lazy\" decoding=\"async\" class=\"aligncenter wp-image-560 size-full\" src=\"https:\/\/elcotarro.com\/wp-content\/uploads\/2014\/10\/141207-HEM.jpg\" alt=\"141207 EL COTARRO DIGITAL 013.qxd\" width=\"150\" height=\"205\" \/><\/a><\/td>\n<td><a href=\"https:\/\/elcotarro.com\/PUBLI\/141214-EL-COTARRO.pdf\" target=\"_blank\"><img loading=\"lazy\" decoding=\"async\" class=\"aligncenter wp-image-594 size-full\" src=\"https:\/\/elcotarro.com\/wp-content\/uploads\/2014\/10\/141214-HEM.jpg\" alt=\"141214 EL COTARRO DIGITAL 014.qxd\" width=\"150\" height=\"205\" \/><\/a><\/td>\n<td><a href=\"https:\/\/elcotarro.com\/PUBLI\/141221-EL-COTARRO.pdf\" target=\"_blank\"><img loading=\"lazy\" decoding=\"async\" class=\"aligncenter wp-image-621 size-full\" src=\"https:\/\/elcotarro.com\/wp-content\/uploads\/2014\/10\/141221-HEM.jpg\" alt=\"141221 EL COTARRO DIGITAL 015.qxd\" width=\"150\" height=\"205\" \/><\/a><\/td>\n<td><a href=\"https:\/\/elcotarro.com\/PUBLI\/141228-EL-COTARRO.pdf\" target=\"_blank\"><img loading=\"lazy\" decoding=\"async\" class=\"aligncenter wp-image-653 size-full\" src=\"https:\/\/elcotarro.com\/wp-content\/uploads\/2014\/10\/141228-HEM.jpg\" alt=\"141228 EL COTARRO DIGITAL 016.qxd\" width=\"150\" height=\"205\" \/><\/a><\/td>\n<\/tr>\n<\/tbody>\n<\/table>\n<h3>NOVIEMBRE &#8211; 2014<\/h3>\n<table>\n<tbody>\n<tr>\n<td style=\"text-align: center;\">N\u00ba 008 &#8211; 02 Noviembre<\/td>\n<td style=\"text-align: center;\">N\u00ba 009 &#8211; 09 Noviembre<\/td>\n<td style=\"text-align: center;\">N\u00ba 010 &#8211; 16\u00a0Noviembre<\/td>\n<td style=\"text-align: center;\">N\u00ba 011- 23\u00a0Noviembre<\/td>\n<\/tr>\n<tr>\n<td><a href=\"https:\/\/elcotarro.com\/PUBLI\/141102-EL-COTARRO.pdf\" target=\"_blank\"><img loading=\"lazy\" decoding=\"async\" class=\"aligncenter wp-image-425 size-full\" src=\"https:\/\/elcotarro.com\/wp-content\/uploads\/2014\/10\/141102-HEM.jpg\" alt=\"141102-HEM\" width=\"150\" height=\"205\" \/><\/a><\/td>\n<td><a href=\"https:\/\/elcotarro.com\/PUBLI\/141108-EL-COTARRO.pdf\" target=\"_blank\"><img loading=\"lazy\" decoding=\"async\" class=\"aligncenter wp-image-427 size-full\" src=\"https:\/\/elcotarro.com\/wp-content\/uploads\/2014\/10\/141108-HEM.jpg\" alt=\"141108-HEM\" width=\"150\" height=\"205\" \/><\/a><\/td>\n<td><a href=\"https:\/\/elcotarro.com\/PUBLI\/141116-EL-COTARRO.pdf\" target=\"_blank\"><img loading=\"lazy\" decoding=\"async\" class=\"aligncenter wp-image-488 size-full\" src=\"https:\/\/elcotarro.com\/wp-content\/uploads\/2014\/10\/141116-HEM1.jpg\" alt=\"141116 EL COTARRO DIGITAL 010.qxd\" width=\"150\" height=\"205\" \/><\/a><\/td>\n<td><a href=\"https:\/\/elcotarro.com\/PUBLI\/141123-EL-COTARRO.pdf\" target=\"_blank\"><img loading=\"lazy\" decoding=\"async\" class=\"aligncenter wp-image-463 size-full\" src=\"https:\/\/elcotarro.com\/wp-content\/uploads\/2014\/10\/141116-HEM.jpg\" alt=\"141123 EL COTARRO DIGITAL 011.qxd\" width=\"150\" height=\"205\" \/><\/a><\/td>\n<\/tr>\n<tr>\n<td style=\"text-align: center;\">N\u00ba 012 &#8211; 30 Noviembre<\/td>\n<\/tr>\n<tr>\n<td><a href=\"https:\/\/elcotarro.com\/PUBLI\/141129-EL-COTARRO.pdf\" target=\"_blank\"><img loading=\"lazy\" decoding=\"async\" class=\"aligncenter wp-image-492 size-full\" src=\"https:\/\/elcotarro.com\/wp-content\/uploads\/2014\/10\/141129-HEM.jpg\" alt=\"141130 EL COTARRO DIGITAL 012.qxd\" width=\"150\" height=\"205\" \/><\/a><\/td>\n<\/tr>\n<\/tbody>\n<\/table>\n<h3>OCTUBRE &#8211; 2014<\/h3>\n<table>\n<tbody>\n<tr>\n<td style=\"text-align: center;\">N\u00ba 004 &#8211; 05 Octubre<\/td>\n<td style=\"text-align: center;\">N\u00ba 005 &#8211; 12 Octubre<\/td>\n<td style=\"text-align: center;\">N\u00ba 006 &#8211; 19 Octubre<\/td>\n<td style=\"text-align: center;\">N\u00ba 007 &#8211; 26 Octubre<\/td>\n<\/tr>\n<tr>\n<td><a href=\"https:\/\/elcotarro.com\/PUBLI\/141005-EL-COTARRO.pdf\" target=\"_blank\"><img loading=\"lazy\" decoding=\"async\" class=\"aligncenter wp-image-255\" src=\"https:\/\/elcotarro.com\/wp-content\/uploads\/2014\/10\/141005-EL-COTARRO.jpg\" alt=\"141005 EL COTARRO DIGITAL 004.qxd\" width=\"150\" height=\"205\" \/><\/a><\/td>\n<td><a href=\"https:\/\/elcotarro.com\/PUBLI\/141012-EL-COTARRO.pdf\" target=\"_blank\"><img loading=\"lazy\" decoding=\"async\" class=\"aligncenter wp-image-419 size-full\" src=\"https:\/\/elcotarro.com\/wp-content\/uploads\/2014\/10\/141012-HEM.jpg\" alt=\"141012-HEM\" width=\"150\" height=\"205\" \/><\/a><\/td>\n<td><a href=\"https:\/\/elcotarro.com\/PUBLI\/141019-EL-COTARRO.pdf\" target=\"_blank\"><img loading=\"lazy\" decoding=\"async\" class=\"aligncenter wp-image-421 size-full\" src=\"https:\/\/elcotarro.com\/wp-content\/uploads\/2014\/10\/141019-HEM.jpg\" alt=\"141019-HEM\" width=\"150\" height=\"205\" \/><\/a><\/td>\n<td><a href=\"https:\/\/elcotarro.com\/PUBLI\/141026-EL-COTARRO.pdf\" target=\"_blank\"><img loading=\"lazy\" decoding=\"async\" class=\"aligncenter wp-image-423 size-full\" src=\"https:\/\/elcotarro.com\/wp-content\/uploads\/2014\/10\/141026-HEM.jpg\" alt=\"141026-HEM\" width=\"150\" height=\"205\" \/><\/a><\/td>\n<\/tr>\n<\/tbody>\n<\/table>\n<h3>SEPTIEMBRE &#8211; 2014<\/h3>\n<table>\n<tbody>\n<tr>\n<td style=\"text-align: center;\">N\u00ba 001 &#8211; 14 Septiembre<\/td>\n<td style=\"text-align: center;\">N\u00ba 002 &#8211; 21 Septiembre<\/td>\n<td style=\"text-align: center;\">N\u00ba 003 &#8211; 28 Septiembre<\/td>\n<td style=\"text-align: center;\"><\/td>\n<\/tr>\n<tr>\n<td><a href=\"https:\/\/elcotarro.com\/PUBLI\/140914-EL-COTARRO.pdf\" target=\"_blank\"><img loading=\"lazy\" decoding=\"async\" class=\"wp-image-243 aligncenter\" src=\"https:\/\/elcotarro.com\/wp-content\/uploads\/2014\/10\/140914-EL-COTARRO.jpg\" alt=\"140914 EL COTARRO DIGITAL -IMG.qxd\" width=\"150\" height=\"218\" srcset=\"https:\/\/elcotarro.com\/wp-content\/uploads\/2014\/10\/140914-EL-COTARRO.jpg 2000w, https:\/\/elcotarro.com\/wp-content\/uploads\/2014\/10\/140914-EL-COTARRO-206x300.jpg 206w, https:\/\/elcotarro.com\/wp-content\/uploads\/2014\/10\/140914-EL-COTARRO-705x1024.jpg 705w\" sizes=\"auto, (max-width: 150px) 100vw, 150px\" \/><\/a><\/td>\n<td><a href=\"https:\/\/elcotarro.com\/PUBLI\/140921-EL COTARRO.pdf\" target=\"_blank\"><img loading=\"lazy\" decoding=\"async\" class=\"aligncenter wp-image-244\" src=\"https:\/\/elcotarro.com\/wp-content\/uploads\/2014\/10\/140921-EL-COTARRO.jpg\" alt=\"140921 EL COTARRO DIGITAL.qxd\" width=\"150\" height=\"208\" \/><\/a><\/td>\n<td><a href=\"https:\/\/elcotarro.com\/PUBLI\/140928-EL-COTARRO.pdf\" target=\"_blank\"><img loading=\"lazy\" decoding=\"async\" class=\"aligncenter wp-image-250\" src=\"https:\/\/elcotarro.com\/wp-content\/uploads\/2014\/10\/140928-EL-COTARRO-DIGITAL_v3.jpg\" alt=\"140928 EL COTARRO DIGITAL.qxd\" width=\"150\" height=\"204\" \/><\/a><\/td>\n<td><\/td>\n<\/tr>\n<\/tbody>\n<\/table>\n<p>&nbsp;<\/p>\n","protected":false},"excerpt":{"rendered":"<p>Relaci\u00f3n de p\u00e1ginas de\u00a0\u00abEl Cotarro\u00bb\u00a0publicadas en plataforma digital en el A\u00d1O 2014: DICIEMBRE &#8211; 2014 N\u00ba 013 &#8211; 07 Diciembre N\u00ba 014 &#8211; 14 Diciembre N\u00ba 015 &#8211; 21 Diciembre N\u00ba 016 &#8211; 28 Diciembre NOVIEMBRE &#8211; 2014 N\u00ba 008 &#8211; 02 Noviembre N\u00ba 009 &#8211; 09 Noviembre N\u00ba 010 &#8211; 16\u00a0Noviembre N\u00ba 011- 23\u00a0Noviembre &#8230; <a class=\"read-more\" href=\"https:\/\/elcotarro.com\/?page_id=242\">Read more<\/a><\/p>\n","protected":false},"author":1,"featured_media":0,"parent":0,"menu_order":0,"comment_status":"open","ping_status":"open","template":"","meta":{"footnotes":""},"class_list":["post-242","page","type-page","status-publish"],"yoast_head":"<!-- This site is optimized with the Yoast SEO plugin v27.0 - https:\/\/yoast.com\/product\/yoast-seo-wordpress\/ -->\n<title>A\u00f1o 2014 - El Cotarro<\/title>\n<meta name=\"robots\" content=\"index, follow, max-snippet:-1, max-image-preview:large, max-video-preview:-1\" \/>\n<link rel=\"canonical\" href=\"https:\/\/elcotarro.com\/?page_id=242\" \/>\n<meta property=\"og:locale\" content=\"es_ES\" \/>\n<meta property=\"og:type\" content=\"article\" \/>\n<meta property=\"og:title\" content=\"A\u00f1o 2014 - El Cotarro\" \/>\n<meta property=\"og:description\" content=\"Relaci\u00f3n de p\u00e1ginas de\u00a0\u00abEl Cotarro\u00bb\u00a0publicadas en plataforma digital en el A\u00d1O 2014: DICIEMBRE &#8211; 2014 N\u00ba 013 &#8211; 07 Diciembre N\u00ba 014 &#8211; 14 Diciembre N\u00ba 015 &#8211; 21 Diciembre N\u00ba 016 &#8211; 28 Diciembre NOVIEMBRE &#8211; 2014 N\u00ba 008 &#8211; 02 Noviembre N\u00ba 009 &#8211; 09 Noviembre N\u00ba 010 &#8211; 16\u00a0Noviembre N\u00ba 011- 23\u00a0Noviembre ... Read more\" \/>\n<meta property=\"og:url\" content=\"https:\/\/elcotarro.com\/?page_id=242\" \/>\n<meta property=\"og:site_name\" content=\"El Cotarro\" \/>\n<meta property=\"article:publisher\" content=\"https:\/\/www.facebook.com\/ElCotarro.Tenerife\" \/>\n<meta property=\"article:modified_time\" content=\"2015-12-11T13:24:55+00:00\" \/>\n<meta property=\"og:image\" content=\"https:\/\/elcotarro.com\/wp-content\/uploads\/2014\/10\/141207-HEM.jpg\" \/>\n<script type=\"application\/ld+json\" class=\"yoast-schema-graph\">{\"@context\":\"https:\/\/schema.org\",\"@graph\":[{\"@type\":\"WebPage\",\"@id\":\"https:\/\/elcotarro.com\/?page_id=242\",\"url\":\"https:\/\/elcotarro.com\/?page_id=242\",\"name\":\"A\u00f1o 2014 - El Cotarro\",\"isPartOf\":{\"@id\":\"https:\/\/elcotarro.com\/#website\"},\"primaryImageOfPage\":{\"@id\":\"https:\/\/elcotarro.com\/?page_id=242#primaryimage\"},\"image\":{\"@id\":\"https:\/\/elcotarro.com\/?page_id=242#primaryimage\"},\"thumbnailUrl\":\"https:\/\/elcotarro.com\/wp-content\/uploads\/2014\/10\/141207-HEM.jpg\",\"datePublished\":\"2014-10-14T11:22:53+00:00\",\"dateModified\":\"2015-12-11T13:24:55+00:00\",\"breadcrumb\":{\"@id\":\"https:\/\/elcotarro.com\/?page_id=242#breadcrumb\"},\"inLanguage\":\"es\",\"potentialAction\":[{\"@type\":\"ReadAction\",\"target\":[\"https:\/\/elcotarro.com\/?page_id=242\"]}]},{\"@type\":\"ImageObject\",\"inLanguage\":\"es\",\"@id\":\"https:\/\/elcotarro.com\/?page_id=242#primaryimage\",\"url\":\"https:\/\/elcotarro.com\/wp-content\/uploads\/2014\/10\/141207-HEM.jpg\",\"contentUrl\":\"https:\/\/elcotarro.com\/wp-content\/uploads\/2014\/10\/141207-HEM.jpg\",\"width\":150,\"height\":205},{\"@type\":\"BreadcrumbList\",\"@id\":\"https:\/\/elcotarro.com\/?page_id=242#breadcrumb\",\"itemListElement\":[{\"@type\":\"ListItem\",\"position\":1,\"name\":\"Portada\",\"item\":\"https:\/\/elcotarro.com\/\"},{\"@type\":\"ListItem\",\"position\":2,\"name\":\"A\u00f1o 2014\"}]},{\"@type\":\"WebSite\",\"@id\":\"https:\/\/elcotarro.com\/#website\",\"url\":\"https:\/\/elcotarro.com\/\",\"name\":\"El Cotarro\",\"description\":\"Peri\u00f3dico Digital Independiente dirigido por Jos\u00e9 Carlos Marrero\",\"publisher\":{\"@id\":\"https:\/\/elcotarro.com\/#organization\"},\"potentialAction\":[{\"@type\":\"SearchAction\",\"target\":{\"@type\":\"EntryPoint\",\"urlTemplate\":\"https:\/\/elcotarro.com\/?s={search_term_string}\"},\"query-input\":{\"@type\":\"PropertyValueSpecification\",\"valueRequired\":true,\"valueName\":\"search_term_string\"}}],\"inLanguage\":\"es\"},{\"@type\":\"Organization\",\"@id\":\"https:\/\/elcotarro.com\/#organization\",\"name\":\"El Cotarro\",\"url\":\"https:\/\/elcotarro.com\/\",\"logo\":{\"@type\":\"ImageObject\",\"inLanguage\":\"es\",\"@id\":\"https:\/\/elcotarro.com\/#\/schema\/logo\/image\/\",\"url\":\"https:\/\/elcotarro.com\/wp-content\/uploads\/2014\/09\/Cabecera_El_Cotarro_v2.jpg\",\"contentUrl\":\"https:\/\/elcotarro.com\/wp-content\/uploads\/2014\/09\/Cabecera_El_Cotarro_v2.jpg\",\"width\":3540,\"height\":441,\"caption\":\"El Cotarro\"},\"image\":{\"@id\":\"https:\/\/elcotarro.com\/#\/schema\/logo\/image\/\"},\"sameAs\":[\"https:\/\/www.facebook.com\/ElCotarro.Tenerife\"]}]}<\/script>\n<!-- \/ Yoast SEO plugin. -->","yoast_head_json":{"title":"A\u00f1o 2014 - El Cotarro","robots":{"index":"index","follow":"follow","max-snippet":"max-snippet:-1","max-image-preview":"max-image-preview:large","max-video-preview":"max-video-preview:-1"},"canonical":"https:\/\/elcotarro.com\/?page_id=242","og_locale":"es_ES","og_type":"article","og_title":"A\u00f1o 2014 - El Cotarro","og_description":"Relaci\u00f3n de p\u00e1ginas de\u00a0\u00abEl Cotarro\u00bb\u00a0publicadas en plataforma digital en el A\u00d1O 2014: DICIEMBRE &#8211; 2014 N\u00ba 013 &#8211; 07 Diciembre N\u00ba 014 &#8211; 14 Diciembre N\u00ba 015 &#8211; 21 Diciembre N\u00ba 016 &#8211; 28 Diciembre NOVIEMBRE &#8211; 2014 N\u00ba 008 &#8211; 02 Noviembre N\u00ba 009 &#8211; 09 Noviembre N\u00ba 010 &#8211; 16\u00a0Noviembre N\u00ba 011- 23\u00a0Noviembre ... Read more","og_url":"https:\/\/elcotarro.com\/?page_id=242","og_site_name":"El Cotarro","article_publisher":"https:\/\/www.facebook.com\/ElCotarro.Tenerife","article_modified_time":"2015-12-11T13:24:55+00:00","og_image":[{"url":"https:\/\/elcotarro.com\/wp-content\/uploads\/2014\/10\/141207-HEM.jpg","type":"","width":"","height":""}],"schema":{"@context":"https:\/\/schema.org","@graph":[{"@type":"WebPage","@id":"https:\/\/elcotarro.com\/?page_id=242","url":"https:\/\/elcotarro.com\/?page_id=242","name":"A\u00f1o 2014 - El Cotarro","isPartOf":{"@id":"https:\/\/elcotarro.com\/#website"},"primaryImageOfPage":{"@id":"https:\/\/elcotarro.com\/?page_id=242#primaryimage"},"image":{"@id":"https:\/\/elcotarro.com\/?page_id=242#primaryimage"},"thumbnailUrl":"https:\/\/elcotarro.com\/wp-content\/uploads\/2014\/10\/141207-HEM.jpg","datePublished":"2014-10-14T11:22:53+00:00","dateModified":"2015-12-11T13:24:55+00:00","breadcrumb":{"@id":"https:\/\/elcotarro.com\/?page_id=242#breadcrumb"},"inLanguage":"es","potentialAction":[{"@type":"ReadAction","target":["https:\/\/elcotarro.com\/?page_id=242"]}]},{"@type":"ImageObject","inLanguage":"es","@id":"https:\/\/elcotarro.com\/?page_id=242#primaryimage","url":"https:\/\/elcotarro.com\/wp-content\/uploads\/2014\/10\/141207-HEM.jpg","contentUrl":"https:\/\/elcotarro.com\/wp-content\/uploads\/2014\/10\/141207-HEM.jpg","width":150,"height":205},{"@type":"BreadcrumbList","@id":"https:\/\/elcotarro.com\/?page_id=242#breadcrumb","itemListElement":[{"@type":"ListItem","position":1,"name":"Portada","item":"https:\/\/elcotarro.com\/"},{"@type":"ListItem","position":2,"name":"A\u00f1o 2014"}]},{"@type":"WebSite","@id":"https:\/\/elcotarro.com\/#website","url":"https:\/\/elcotarro.com\/","name":"El Cotarro","description":"Peri\u00f3dico Digital Independiente dirigido por Jos\u00e9 Carlos Marrero","publisher":{"@id":"https:\/\/elcotarro.com\/#organization"},"potentialAction":[{"@type":"SearchAction","target":{"@type":"EntryPoint","urlTemplate":"https:\/\/elcotarro.com\/?s={search_term_string}"},"query-input":{"@type":"PropertyValueSpecification","valueRequired":true,"valueName":"search_term_string"}}],"inLanguage":"es"},{"@type":"Organization","@id":"https:\/\/elcotarro.com\/#organization","name":"El Cotarro","url":"https:\/\/elcotarro.com\/","logo":{"@type":"ImageObject","inLanguage":"es","@id":"https:\/\/elcotarro.com\/#\/schema\/logo\/image\/","url":"https:\/\/elcotarro.com\/wp-content\/uploads\/2014\/09\/Cabecera_El_Cotarro_v2.jpg","contentUrl":"https:\/\/elcotarro.com\/wp-content\/uploads\/2014\/09\/Cabecera_El_Cotarro_v2.jpg","width":3540,"height":441,"caption":"El Cotarro"},"image":{"@id":"https:\/\/elcotarro.com\/#\/schema\/logo\/image\/"},"sameAs":["https:\/\/www.facebook.com\/ElCotarro.Tenerife"]}]}},"jetpack_sharing_enabled":true,"_links":{"self":[{"href":"https:\/\/elcotarro.com\/index.php?rest_route=\/wp\/v2\/pages\/242","targetHints":{"allow":["GET"]}}],"collection":[{"href":"https:\/\/elcotarro.com\/index.php?rest_route=\/wp\/v2\/pages"}],"about":[{"href":"https:\/\/elcotarro.com\/index.php?rest_route=\/wp\/v2\/types\/page"}],"author":[{"embeddable":true,"href":"https:\/\/elcotarro.com\/index.php?rest_route=\/wp\/v2\/users\/1"}],"replies":[{"embeddable":true,"href":"https:\/\/elcotarro.com\/index.php?rest_route=%2Fwp%2Fv2%2Fcomments&post=242"}],"version-history":[{"count":50,"href":"https:\/\/elcotarro.com\/index.php?rest_route=\/wp\/v2\/pages\/242\/revisions"}],"predecessor-version":[{"id":2052,"href":"https:\/\/elcotarro.com\/index.php?rest_route=\/wp\/v2\/pages\/242\/revisions\/2052"}],"wp:attachment":[{"href":"https:\/\/elcotarro.com\/index.php?rest_route=%2Fwp%2Fv2%2Fmedia&parent=242"}],"curies":[{"name":"wp","href":"https:\/\/api.w.org\/{rel}","templated":true}]}}