{"id":38,"date":"2014-09-13T15:38:53","date_gmt":"2014-09-13T15:38:53","guid":{"rendered":"https:\/\/elcotarro.com\/?page_id=38"},"modified":"2014-09-13T16:30:45","modified_gmt":"2014-09-13T16:30:45","slug":"presentacion","status":"publish","type":"page","link":"https:\/\/elcotarro.com\/?page_id=38","title":{"rendered":"Presentaci\u00f3n"},"content":{"rendered":"<div >\n<p>Estimada lectora, estimado lector:<\/p>\n<p>Comenc\u00e9 profesionalmente como periodista en la radio de Tenerife all\u00e1 por el a\u00f1o 1979&#8230; Estoy cumpliendo, por tanto, 35 a\u00f1os de intensa vida profesional dedicada al apasionante mundo del Periodismo\u2026<\/p>\n<p>En esta treintena larga de a\u00f1os he tenido la oportunidad y el privilegio de desarrollarme como periodista en la prensa escrita (peri\u00f3dico Diario de Avisos y en La Gaceta de Canarias), en el periodismo radiof\u00f3nico (Radio Club Tenerife \u2013 SER, Radiocadena Espa\u00f1ola, Radio 5 de Radio Nacional de Espa\u00f1a, Antena 3 de Radio y COPE Tenerife), en el medio televisivo (Antena 3 Televisi\u00f3n en Canarias, Popular TV en Canarias, Televisi\u00f3n Espa\u00f1ola en Canarias \u2013 RTVE y en la Radiotelevisi\u00f3n Auton\u00f3mica de Canarias), as\u00ed como tambi\u00e9n en el nuevo periodismo digital (GastroCanarias.com)<\/p>\n<p>Despu\u00e9s de esos treinta y cinco a\u00f1os de trabajo y veinte de ellos como director (tres en Antena 3 de Radio y diecisiete en COPE Tenerife), sigo con la misma ilusi\u00f3n, con las mismas ganas, con el mismo entusiasmo\u2026<\/p>\n<div>\n<p>Por ello este 14 de septiembre de 2014 (festividad del Cristo de La Laguna) \u201cEl Cotarro\u201d, mi veterana p\u00e1gina dominical \u201cEl Cotarro\u201d se reinventa y salta, a trav\u00e9s de las nuevas tecnolog\u00edas de la informaci\u00f3n y la comunicaci\u00f3n, al formato digital.<\/p>\n<p>No pretendo hacer un peri\u00f3dico digital m\u00e1s, un peri\u00f3dico al uso\u2026 En estos momentos en los que todos necesitamos aire fresco, regeneraci\u00f3n, pretendo que la experiencia de \u201cEl Cotarro\u201d siga viva pero reinventada y reilusionada.<\/p>\n<p>Por ello, desde ahora mismo, desde esta primera p\u00e1gina de \u201cEl Cotarro\u201d en digital, abro este proyecto a las aportaciones que, siempre desde la libertad pero tambi\u00e9n desde el respeto y en positivo, deseen realizar todas las lectoras y lectores que lo deseen, sean o no profesionales del periodismo.<\/p>\n<p>Gracias de antemano a todas y todos por su apoyo y respaldo y por continuar siguiendo \u201cEl Cotarro\u201d, ahora tambi\u00e9n en la red\u2026<\/p>\n<p>Un afectuoso saludo.<\/p>\n<a href=\"https:\/\/elcotarro.com\/wp-content\/uploads\/2014\/09\/120910_josecarlos_60_marrer.jpg\"><img loading=\"lazy\" decoding=\"async\" class=\"size-medium wp-image-46\" src=\"https:\/\/elcotarro.com\/wp-content\/uploads\/2014\/09\/120910_josecarlos_60_marrer-199x300.jpg\" alt=\"Jos\u00e9 Carlos Marrero - Director de Elcotarro.com\" width=\"199\" height=\"300\" srcset=\"https:\/\/elcotarro.com\/wp-content\/uploads\/2014\/09\/120910_josecarlos_60_marrer-199x300.jpg 199w, https:\/\/elcotarro.com\/wp-content\/uploads\/2014\/09\/120910_josecarlos_60_marrer-682x1024.jpg 682w, https:\/\/elcotarro.com\/wp-content\/uploads\/2014\/09\/120910_josecarlos_60_marrer.jpg 853w\" sizes=\"auto, (max-width: 199px) 100vw, 199px\" \/><\/a>\n<p>Jos\u00e9 Carlos Marrero Gonz\u00e1lez<br \/>\nDirector de El Cotarro\u00ae<br \/>\nwww.elcotarro.com<\/p>\n","protected":false},"excerpt":{"rendered":"<p>Estimada lectora, estimado lector: Comenc\u00e9 profesionalmente como periodista en la radio de Tenerife all\u00e1 por el a\u00f1o 1979&#8230; Estoy cumpliendo, por tanto, 35 a\u00f1os de intensa vida profesional dedicada al apasionante mundo del Periodismo\u2026 En esta treintena larga de a\u00f1os he tenido la oportunidad y el privilegio de desarrollarme como periodista en la prensa escrita &#8230; <a class=\"read-more\" href=\"https:\/\/elcotarro.com\/?page_id=38\">Read more<\/a><\/p>\n","protected":false},"author":1,"featured_media":0,"parent":0,"menu_order":0,"comment_status":"open","ping_status":"open","template":"","meta":{"footnotes":""},"class_list":["post-38","page","type-page","status-publish"],"yoast_head":"<!-- This site is optimized with the Yoast SEO plugin v27.0 - https:\/\/yoast.com\/product\/yoast-seo-wordpress\/ -->\n<title>Presentaci\u00f3n El Cotarro<\/title>\n<meta name=\"description\" content=\"Que es el cotarro y su historia\" \/>\n<meta name=\"robots\" content=\"index, follow, max-snippet:-1, max-image-preview:large, max-video-preview:-1\" \/>\n<link rel=\"canonical\" href=\"https:\/\/elcotarro.com\/?page_id=38\" \/>\n<meta property=\"og:locale\" content=\"es_ES\" \/>\n<meta property=\"og:type\" content=\"article\" \/>\n<meta property=\"og:title\" content=\"Presentaci\u00f3n El Cotarro\" \/>\n<meta property=\"og:description\" content=\"Que es el cotarro y su historia\" \/>\n<meta property=\"og:url\" content=\"https:\/\/elcotarro.com\/?page_id=38\" \/>\n<meta property=\"og:site_name\" content=\"El Cotarro\" \/>\n<meta property=\"article:publisher\" content=\"https:\/\/www.facebook.com\/ElCotarro.Tenerife\" \/>\n<meta property=\"article:modified_time\" content=\"2014-09-13T16:30:45+00:00\" \/>\n<meta property=\"og:image\" content=\"https:\/\/elcotarro.com\/wp-content\/uploads\/2014\/09\/120910_josecarlos_60_marrer-199x300.jpg\" \/>\n<meta name=\"twitter:label1\" content=\"Tiempo de lectura\" \/>\n\t<meta name=\"twitter:data1\" content=\"2 minutos\" \/>\n<script type=\"application\/ld+json\" class=\"yoast-schema-graph\">{\"@context\":\"https:\/\/schema.org\",\"@graph\":[{\"@type\":\"WebPage\",\"@id\":\"https:\/\/elcotarro.com\/?page_id=38\",\"url\":\"https:\/\/elcotarro.com\/?page_id=38\",\"name\":\"Presentaci\u00f3n El Cotarro\",\"isPartOf\":{\"@id\":\"https:\/\/elcotarro.com\/#website\"},\"primaryImageOfPage\":{\"@id\":\"https:\/\/elcotarro.com\/?page_id=38#primaryimage\"},\"image\":{\"@id\":\"https:\/\/elcotarro.com\/?page_id=38#primaryimage\"},\"thumbnailUrl\":\"https:\/\/elcotarro.com\/wp-content\/uploads\/2014\/09\/120910_josecarlos_60_marrer-199x300.jpg\",\"datePublished\":\"2014-09-13T15:38:53+00:00\",\"dateModified\":\"2014-09-13T16:30:45+00:00\",\"description\":\"Que es el cotarro y su historia\",\"breadcrumb\":{\"@id\":\"https:\/\/elcotarro.com\/?page_id=38#breadcrumb\"},\"inLanguage\":\"es\",\"potentialAction\":[{\"@type\":\"ReadAction\",\"target\":[\"https:\/\/elcotarro.com\/?page_id=38\"]}]},{\"@type\":\"ImageObject\",\"inLanguage\":\"es\",\"@id\":\"https:\/\/elcotarro.com\/?page_id=38#primaryimage\",\"url\":\"https:\/\/elcotarro.com\/wp-content\/uploads\/2014\/09\/120910_josecarlos_60_marrer.jpg\",\"contentUrl\":\"https:\/\/elcotarro.com\/wp-content\/uploads\/2014\/09\/120910_josecarlos_60_marrer.jpg\",\"width\":853,\"height\":1280,\"caption\":\"Jos\u00e9 Carlos Marrero - Director de Elcotarro.com\"},{\"@type\":\"BreadcrumbList\",\"@id\":\"https:\/\/elcotarro.com\/?page_id=38#breadcrumb\",\"itemListElement\":[{\"@type\":\"ListItem\",\"position\":1,\"name\":\"Portada\",\"item\":\"https:\/\/elcotarro.com\/\"},{\"@type\":\"ListItem\",\"position\":2,\"name\":\"Presentaci\u00f3n\"}]},{\"@type\":\"WebSite\",\"@id\":\"https:\/\/elcotarro.com\/#website\",\"url\":\"https:\/\/elcotarro.com\/\",\"name\":\"El Cotarro\",\"description\":\"Peri\u00f3dico Digital Independiente dirigido por Jos\u00e9 Carlos Marrero\",\"publisher\":{\"@id\":\"https:\/\/elcotarro.com\/#organization\"},\"potentialAction\":[{\"@type\":\"SearchAction\",\"target\":{\"@type\":\"EntryPoint\",\"urlTemplate\":\"https:\/\/elcotarro.com\/?s={search_term_string}\"},\"query-input\":{\"@type\":\"PropertyValueSpecification\",\"valueRequired\":true,\"valueName\":\"search_term_string\"}}],\"inLanguage\":\"es\"},{\"@type\":\"Organization\",\"@id\":\"https:\/\/elcotarro.com\/#organization\",\"name\":\"El Cotarro\",\"url\":\"https:\/\/elcotarro.com\/\",\"logo\":{\"@type\":\"ImageObject\",\"inLanguage\":\"es\",\"@id\":\"https:\/\/elcotarro.com\/#\/schema\/logo\/image\/\",\"url\":\"https:\/\/elcotarro.com\/wp-content\/uploads\/2014\/09\/Cabecera_El_Cotarro_v2.jpg\",\"contentUrl\":\"https:\/\/elcotarro.com\/wp-content\/uploads\/2014\/09\/Cabecera_El_Cotarro_v2.jpg\",\"width\":3540,\"height\":441,\"caption\":\"El Cotarro\"},\"image\":{\"@id\":\"https:\/\/elcotarro.com\/#\/schema\/logo\/image\/\"},\"sameAs\":[\"https:\/\/www.facebook.com\/ElCotarro.Tenerife\"]}]}<\/script>\n<!-- \/ Yoast SEO plugin. -->","yoast_head_json":{"title":"Presentaci\u00f3n El Cotarro","description":"Que es el cotarro y su historia","robots":{"index":"index","follow":"follow","max-snippet":"max-snippet:-1","max-image-preview":"max-image-preview:large","max-video-preview":"max-video-preview:-1"},"canonical":"https:\/\/elcotarro.com\/?page_id=38","og_locale":"es_ES","og_type":"article","og_title":"Presentaci\u00f3n El Cotarro","og_description":"Que es el cotarro y su historia","og_url":"https:\/\/elcotarro.com\/?page_id=38","og_site_name":"El Cotarro","article_publisher":"https:\/\/www.facebook.com\/ElCotarro.Tenerife","article_modified_time":"2014-09-13T16:30:45+00:00","og_image":[{"url":"https:\/\/elcotarro.com\/wp-content\/uploads\/2014\/09\/120910_josecarlos_60_marrer-199x300.jpg","type":"","width":"","height":""}],"twitter_misc":{"Tiempo de lectura":"2 minutos"},"schema":{"@context":"https:\/\/schema.org","@graph":[{"@type":"WebPage","@id":"https:\/\/elcotarro.com\/?page_id=38","url":"https:\/\/elcotarro.com\/?page_id=38","name":"Presentaci\u00f3n El Cotarro","isPartOf":{"@id":"https:\/\/elcotarro.com\/#website"},"primaryImageOfPage":{"@id":"https:\/\/elcotarro.com\/?page_id=38#primaryimage"},"image":{"@id":"https:\/\/elcotarro.com\/?page_id=38#primaryimage"},"thumbnailUrl":"https:\/\/elcotarro.com\/wp-content\/uploads\/2014\/09\/120910_josecarlos_60_marrer-199x300.jpg","datePublished":"2014-09-13T15:38:53+00:00","dateModified":"2014-09-13T16:30:45+00:00","description":"Que es el cotarro y su historia","breadcrumb":{"@id":"https:\/\/elcotarro.com\/?page_id=38#breadcrumb"},"inLanguage":"es","potentialAction":[{"@type":"ReadAction","target":["https:\/\/elcotarro.com\/?page_id=38"]}]},{"@type":"ImageObject","inLanguage":"es","@id":"https:\/\/elcotarro.com\/?page_id=38#primaryimage","url":"https:\/\/elcotarro.com\/wp-content\/uploads\/2014\/09\/120910_josecarlos_60_marrer.jpg","contentUrl":"https:\/\/elcotarro.com\/wp-content\/uploads\/2014\/09\/120910_josecarlos_60_marrer.jpg","width":853,"height":1280,"caption":"Jos\u00e9 Carlos Marrero - Director de Elcotarro.com"},{"@type":"BreadcrumbList","@id":"https:\/\/elcotarro.com\/?page_id=38#breadcrumb","itemListElement":[{"@type":"ListItem","position":1,"name":"Portada","item":"https:\/\/elcotarro.com\/"},{"@type":"ListItem","position":2,"name":"Presentaci\u00f3n"}]},{"@type":"WebSite","@id":"https:\/\/elcotarro.com\/#website","url":"https:\/\/elcotarro.com\/","name":"El Cotarro","description":"Peri\u00f3dico Digital Independiente dirigido por Jos\u00e9 Carlos Marrero","publisher":{"@id":"https:\/\/elcotarro.com\/#organization"},"potentialAction":[{"@type":"SearchAction","target":{"@type":"EntryPoint","urlTemplate":"https:\/\/elcotarro.com\/?s={search_term_string}"},"query-input":{"@type":"PropertyValueSpecification","valueRequired":true,"valueName":"search_term_string"}}],"inLanguage":"es"},{"@type":"Organization","@id":"https:\/\/elcotarro.com\/#organization","name":"El Cotarro","url":"https:\/\/elcotarro.com\/","logo":{"@type":"ImageObject","inLanguage":"es","@id":"https:\/\/elcotarro.com\/#\/schema\/logo\/image\/","url":"https:\/\/elcotarro.com\/wp-content\/uploads\/2014\/09\/Cabecera_El_Cotarro_v2.jpg","contentUrl":"https:\/\/elcotarro.com\/wp-content\/uploads\/2014\/09\/Cabecera_El_Cotarro_v2.jpg","width":3540,"height":441,"caption":"El Cotarro"},"image":{"@id":"https:\/\/elcotarro.com\/#\/schema\/logo\/image\/"},"sameAs":["https:\/\/www.facebook.com\/ElCotarro.Tenerife"]}]}},"jetpack_sharing_enabled":true,"_links":{"self":[{"href":"https:\/\/elcotarro.com\/index.php?rest_route=\/wp\/v2\/pages\/38","targetHints":{"allow":["GET"]}}],"collection":[{"href":"https:\/\/elcotarro.com\/index.php?rest_route=\/wp\/v2\/pages"}],"about":[{"href":"https:\/\/elcotarro.com\/index.php?rest_route=\/wp\/v2\/types\/page"}],"author":[{"embeddable":true,"href":"https:\/\/elcotarro.com\/index.php?rest_route=\/wp\/v2\/users\/1"}],"replies":[{"embeddable":true,"href":"https:\/\/elcotarro.com\/index.php?rest_route=%2Fwp%2Fv2%2Fcomments&post=38"}],"version-history":[{"count":7,"href":"https:\/\/elcotarro.com\/index.php?rest_route=\/wp\/v2\/pages\/38\/revisions"}],"predecessor-version":[{"id":48,"href":"https:\/\/elcotarro.com\/index.php?rest_route=\/wp\/v2\/pages\/38\/revisions\/48"}],"wp:attachment":[{"href":"https:\/\/elcotarro.com\/index.php?rest_route=%2Fwp%2Fv2%2Fmedia&parent=38"}],"curies":[{"name":"wp","href":"https:\/\/api.w.org\/{rel}","templated":true}]}}