{"id":7757,"date":"2020-01-04T19:35:56","date_gmt":"2020-01-04T19:35:56","guid":{"rendered":"https:\/\/elcotarro.com\/?page_id=7757"},"modified":"2020-06-07T09:11:41","modified_gmt":"2020-06-07T08:11:41","slug":"ano-2020","status":"publish","type":"page","link":"https:\/\/elcotarro.com\/?page_id=7757","title":{"rendered":"A\u00f1o 2020"},"content":{"rendered":"<h3>Relaci\u00f3n de p\u00e1ginas de<em> \u00abEl Cotarro\u00bb<\/em> publicadas en plataforma digital en el A\u00d1O 2020:<\/h3>\n<h2>Junio &#8211; 2020<\/h2>\n<table>\n<tbody>\n<td style=\"text-align: center; width: 150px;\">N\u00ba 300 &#8211; 07 Junio<\/td>\n<td style=\"text-align: center; width: 150px;\"><\/td>\n<td style=\"text-align: center; width: 150px;\"><\/td>\n<\/tr>\n<td style=\"vertical-align: middle; text-align: center;\"><a href=\"https:\/\/elcotarro.com\/wp-content\/uploads\/2020\/06\/cotarro_300_07jun2020-1.pdf\" target=\"_blank\" rel=\"noopener noreferrer\"><img loading=\"lazy\" decoding=\"async\" class=\"aligncenter wp-image-2073 size-full\" src=\"https:\/\/elcotarro.com\/wp-content\/uploads\/2020\/06\/cotarro_300_07jun2020_hemeroteca.jpg\" alt=\"\" width=\"150\" height=\"210\" \/><\/a><\/td>\n<td><\/td>\n<td><\/td>\n<\/tbody>\n<\/table>\n<h2>Mayo &#8211; 2020<\/h2>\n<table>\n<tbody>\n<td style=\"text-align: center; width: 150px;\">N\u00ba 295 &#8211; 03 Mayo<\/td>\n<td style=\"text-align: center; width: 150px;\">N\u00ba 296 &#8211; 10 Mayo<\/td>\n<td style=\"text-align: center; width: 150px;\">N\u00ba 297 &#8211; 17 Mayo<\/td>\n<\/tr>\n<td style=\"vertical-align: middle; text-align: center;\"><a href=\"https:\/\/elcotarro.com\/wp-content\/uploads\/2020\/05\/cotarro_295_03may2020.pdf\" target=\"_blank\" rel=\"noopener noreferrer\"><img loading=\"lazy\" decoding=\"async\" class=\"aligncenter wp-image-2073 size-full\" src=\"https:\/\/elcotarro.com\/wp-content\/uploads\/2020\/05\/cotarro_295_03may2020_hemeroteca.jpg\" alt=\"\" width=\"150\" height=\"210\" \/><\/a><\/td>\n<td style=\"vertical-align: middle; text-align: center;\"><a href=\"https:\/\/elcotarro.com\/wp-content\/uploads\/2020\/05\/cotarro_296_10may2020.pdf\" target=\"_blank\" rel=\"noopener noreferrer\"><img loading=\"lazy\" decoding=\"async\" class=\"aligncenter wp-image-2073 size-full\" src=\"https:\/\/elcotarro.com\/wp-content\/uploads\/2020\/05\/cotarro_296_10may2020_hemeroteca.jpg\" alt=\"\" width=\"150\" height=\"210\" \/><\/a><\/td>\n<td style=\"vertical-align: middle; text-align: center;\"><a href=\"https:\/\/elcotarro.com\/wp-content\/uploads\/2020\/05\/cotarro_297_17may2020.pdf\" target=\"_blank\" rel=\"noopener noreferrer\"><img loading=\"lazy\" decoding=\"async\" class=\"aligncenter wp-image-2073 size-full\" src=\"https:\/\/elcotarro.com\/wp-content\/uploads\/2020\/05\/cotarro_297_17may2020_hemeroteca.jpg\" alt=\"\" width=\"150\" height=\"210\" \/><\/a><\/td>\n<\/tbody>\n<tbody>\n<td style=\"text-align: center; width: 150px;\">N\u00ba 298 &#8211; 24 Mayo<\/td>\n<td style=\"text-align: center; width: 150px;\">N\u00ba 299 &#8211; 31 Mayo<\/td>\n<td style=\"text-align: center; width: 150px;\"><\/td>\n<\/tr>\n<td style=\"vertical-align: middle; text-align: center;\"><a href=\"https:\/\/elcotarro.com\/wp-content\/uploads\/2020\/05\/cotarro_298_24may2020.pdf\" target=\"_blank\" rel=\"noopener noreferrer\"><img loading=\"lazy\" decoding=\"async\" class=\"aligncenter wp-image-2073 size-full\" src=\"https:\/\/elcotarro.com\/wp-content\/uploads\/2020\/05\/cotarro_298_24may2020_hemeroteca.jpg\" alt=\"\" width=\"150\" height=\"210\" \/><\/a><\/td>\n<td style=\"vertical-align: middle; text-align: center;\"><a href=\"https:\/\/elcotarro.com\/wp-content\/uploads\/2020\/05\/cotarro_299_31may2020.pdf\" target=\"_blank\" rel=\"noopener noreferrer\"><img loading=\"lazy\" decoding=\"async\" class=\"aligncenter wp-image-2073 size-full\" src=\"https:\/\/elcotarro.com\/wp-content\/uploads\/2020\/05\/cotarro_299_31may2020_hemeroteca.jpg\" alt=\"\" width=\"150\" height=\"210\" \/><\/a><\/td>\n<td><\/td>\n<\/tbody>\n<\/table>\n<h2>Abril &#8211; 2020<\/h2>\n<table>\n<tbody>\n<td style=\"text-align: center; width: 150px;\">N\u00ba 291 &#8211; 05 Abril<\/td>\n<td style=\"text-align: center; width: 150px;\">N\u00ba 292 &#8211; 12 Abril<\/td>\n<td style=\"text-align: center; width: 150px;\">N\u00ba 293 &#8211; 19 Abril<\/td>\n<\/tr>\n<td style=\"vertical-align: middle; text-align: center;\"><a href=\"https:\/\/elcotarro.com\/wp-content\/uploads\/2020\/04\/cotarro_291_05abr2020.pdf\" target=\"_blank\" rel=\"noopener noreferrer\"><img loading=\"lazy\" decoding=\"async\" class=\"aligncenter wp-image-2073 size-full\" src=\"https:\/\/elcotarro.com\/wp-content\/uploads\/2020\/04\/cotarro_291_05abr2020_hemeroteca.jpg\" alt=\"\" width=\"150\" height=\"210\" \/><\/a><\/td>\n<td style=\"vertical-align: middle; text-align: center;\"><a href=\"https:\/\/elcotarro.com\/wp-content\/uploads\/2020\/04\/cotarro_292_12abr2020.pdf\" target=\"_blank\" rel=\"noopener noreferrer\"><img loading=\"lazy\" decoding=\"async\" class=\"aligncenter wp-image-2073 size-full\" src=\"https:\/\/elcotarro.com\/wp-content\/uploads\/2020\/04\/cotarro_292_12abr2020_hemeroteca.jpg\" alt=\"\" width=\"150\" height=\"210\" \/><\/a><\/td>\n<td style=\"vertical-align: middle; text-align: center;\"><a href=\"https:\/\/elcotarro.com\/wp-content\/uploads\/2020\/04\/cotarro_293_19abr2020.pdf\" target=\"_blank\" rel=\"noopener noreferrer\"><img loading=\"lazy\" decoding=\"async\" class=\"aligncenter wp-image-2073 size-full\" src=\"https:\/\/elcotarro.com\/wp-content\/uploads\/2020\/04\/cotarro_293_19abr2020_hemeroteca.jpg\" alt=\"\" width=\"150\" height=\"210\" \/><\/a><\/td>\n<\/tbody>\n<tbody>\n<tr>\n<td style=\"text-align: center; width: 150px;\">N\u00ba 294 &#8211; 26 Abril<\/td>\n<td style=\"text-align: center; width: 150px;\"><\/td>\n<td style=\"text-align: center; width: 150px;\"><\/td>\n<\/tr>\n<td style=\"vertical-align: middle; text-align: center;\"><a href=\"https:\/\/elcotarro.com\/wp-content\/uploads\/2020\/04\/cotarro_294_26abr2020.pdf\" target=\"_blank\" rel=\"noopener noreferrer\"><img loading=\"lazy\" decoding=\"async\" class=\"aligncenter wp-image-2073 size-full\" src=\"https:\/\/elcotarro.com\/wp-content\/uploads\/2020\/04\/cotarro_294_26abr2020_hemeroteca.jpg\" alt=\"\" width=\"150\" height=\"210\" \/><\/a><\/td>\n<td><\/td>\n<td><\/td>\n<\/table>\n<h2>Marzo &#8211; 2020<\/h2>\n<table>\n<tbody>\n<tr>\n<td style=\"text-align: center; width: 150px;\">N\u00ba 286 &#8211; 01 Marzo<\/td>\n<td style=\"text-align: center; width: 150px;\">N\u00ba 287 &#8211; 08 Marzo<\/td>\n<td style=\"text-align: center; width: 150px;\">N\u00ba 288 &#8211; 15 Marzo<\/td>\n<\/tr>\n<td style=\"vertical-align: middle; text-align: center;\"><a href=\"https:\/\/elcotarro.com\/wp-content\/uploads\/2020\/03\/cotarro_286_01mar2020.pdf\" target=\"_blank\" rel=\"noopener noreferrer\"><img loading=\"lazy\" decoding=\"async\" class=\"aligncenter wp-image-2073 size-full\" src=\"https:\/\/elcotarro.com\/wp-content\/uploads\/2020\/03\/cotarro_286_01mar2020_hemeroteca.jpg\" alt=\"\" width=\"150\" height=\"210\" \/><\/a><\/td>\n<td style=\"vertical-align: middle; text-align: center;\"><a href=\"https:\/\/elcotarro.com\/wp-content\/uploads\/2020\/03\/cotarro_287_08mar2020.pdf\" target=\"_blank\" rel=\"noopener noreferrer\"><img loading=\"lazy\" decoding=\"async\" class=\"aligncenter wp-image-2073 size-full\" src=\"https:\/\/elcotarro.com\/wp-content\/uploads\/2020\/03\/cotarro_287_08mar2020_hemeroteca.jpg\" alt=\"\" width=\"150\" height=\"210\" \/><\/a><\/td>\n<td style=\"vertical-align: middle; text-align: center;\"><a href=\"https:\/\/elcotarro.com\/wp-content\/uploads\/2020\/03\/cotarro_288_15mar2020.pdf\" target=\"_blank\" rel=\"noopener noreferrer\"><img loading=\"lazy\" decoding=\"async\" class=\"aligncenter wp-image-2073 size-full\" src=\"https:\/\/elcotarro.com\/wp-content\/uploads\/2020\/03\/cotarro_288_15mar2020_hemeroteca.jpg\" alt=\"\" width=\"150\" height=\"210\" \/><\/a><\/td>\n<tr>\n<td style=\"text-align: center; width: 150px;\">N\u00ba 289 &#8211; 22 Marzo<\/td>\n<td style=\"text-align: center; width: 150px;\">N\u00ba 290 &#8211; 29 Marzo<\/td>\n<td style=\"text-align: center; width: 150px;\"><\/td>\n<\/tr>\n<td style=\"vertical-align: middle; text-align: center;\"><a href=\"https:\/\/elcotarro.com\/wp-content\/uploads\/2020\/03\/cotarro_289_22mar2020.pdf\" target=\"_blank\" rel=\"noopener noreferrer\"><img loading=\"lazy\" decoding=\"async\" class=\"aligncenter wp-image-2073 size-full\" src=\"https:\/\/elcotarro.com\/wp-content\/uploads\/2020\/03\/cotarro_289_22mar2020_hemeroteca.jpg\" alt=\"\" width=\"150\" height=\"210\" \/><\/a><\/td>\n<td style=\"vertical-align: middle; text-align: center;\"><a href=\"https:\/\/elcotarro.com\/wp-content\/uploads\/2020\/03\/cotarro_290_29mar2020.pdf\" target=\"_blank\" rel=\"noopener noreferrer\"><img loading=\"lazy\" decoding=\"async\" class=\"aligncenter wp-image-2073 size-full\" src=\"https:\/\/elcotarro.com\/wp-content\/uploads\/2020\/03\/cotarro_290_29mar2020_hemeroteca.jpg\" alt=\"\" width=\"150\" height=\"210\" \/><\/a><\/td>\n<td><\/td>\n<\/tbody>\n<\/table>\n<h2>Febrero &#8211; 2020<\/h2>\n<table>\n<tbody>\n<tr>\n<td style=\"text-align: center; width: 150px;\">N\u00ba 282 &#8211; 02 Febrero<\/td>\n<td style=\"text-align: center; width: 150px;\">N\u00ba 283 &#8211; 09 Febrero<\/td>\n<td style=\"text-align: center; width: 150px;\">N\u00ba 284 &#8211; 16 Febrero<\/td>\n<\/tr>\n<td style=\"vertical-align: middle; text-align: center;\"><a href=\"https:\/\/elcotarro.com\/wp-content\/uploads\/2020\/02\/cotarro_282_02feb2020.pdf\" target=\"_blank\" rel=\"noopener noreferrer\"><img loading=\"lazy\" decoding=\"async\" class=\"aligncenter wp-image-2073 size-full\" src=\"https:\/\/elcotarro.com\/wp-content\/uploads\/2020\/02\/cotarro_282_02feb2020_hemeroteca.jpg\" alt=\"\" width=\"150\" height=\"210\" \/><\/a><\/td>\n<td style=\"vertical-align: middle; text-align: center;\"><a href=\"https:\/\/elcotarro.com\/wp-content\/uploads\/2020\/02\/cotarro_283_09feb2020.pdf\" target=\"_blank\" rel=\"noopener noreferrer\"><img loading=\"lazy\" decoding=\"async\" class=\"aligncenter wp-image-2073 size-full\" src=\"https:\/\/elcotarro.com\/wp-content\/uploads\/2020\/02\/cotarro_283_09feb2020_hemeroteca.jpg\" alt=\"\" width=\"150\" height=\"210\" \/><\/a><\/td>\n<td style=\"vertical-align: middle; text-align: center;\"><a href=\"https:\/\/elcotarro.com\/wp-content\/uploads\/2020\/02\/cotarro_284_16feb2020.pdf\" target=\"_blank\" rel=\"noopener noreferrer\"><img loading=\"lazy\" decoding=\"async\" class=\"aligncenter wp-image-2073 size-full\" src=\"https:\/\/elcotarro.com\/wp-content\/uploads\/2020\/02\/cotarro_284_16feb2020_hemeroteca.jpg\" alt=\"\" width=\"150\" height=\"210\" \/><\/a><\/td>\n<tr>\n<td style=\"text-align: center; width: 150px;\">N\u00ba 285 &#8211; 23 Febrero<\/td>\n<td style=\"text-align: center; width: 150px;\"><\/td>\n<td style=\"text-align: center; width: 150px;\"><\/td>\n<\/tr>\n<td style=\"vertical-align: middle; text-align: center;\"><a href=\"https:\/\/elcotarro.com\/wp-content\/uploads\/2020\/02\/cotarro_285_23feb2020.pdf\" target=\"_blank\" rel=\"noopener noreferrer\"><img loading=\"lazy\" decoding=\"async\" class=\"aligncenter wp-image-2073 size-full\" src=\"https:\/\/elcotarro.com\/wp-content\/uploads\/2020\/02\/cotarro_285_23feb2020_hemeroteca.jpg\" alt=\"\" width=\"150\" height=\"210\" \/><\/a><\/td>\n<td><\/td>\n<td><\/td>\n<\/tbody>\n<\/table>\n<h2>Enero &#8211; 2020<\/h2>\n<table>\n<tbody>\n<tr>\n<td style=\"text-align: center; width: 150px;\">N\u00ba 278 &#8211; 05 Enero<\/td>\n<td style=\"text-align: center; width: 150px;\">N\u00ba 279 &#8211; 12 Enero<\/td>\n<td style=\"text-align: center; width: 150px;\">N\u00ba 280 &#8211; 19 Enero<\/td>\n<\/tr>\n<td style=\"vertical-align: middle; text-align: center;\"><a href=\"https:\/\/elcotarro.com\/wp-content\/uploads\/2020\/01\/cotarro_278_05ene2020.pdf\" target=\"_blank\" rel=\"noopener noreferrer\"><img loading=\"lazy\" decoding=\"async\" class=\"aligncenter wp-image-2073 size-full\" src=\"https:\/\/elcotarro.com\/wp-content\/uploads\/2020\/01\/cotarro_278_05ene2020_hemeroteca.jpg\" alt=\"\" width=\"150\" height=\"210\" \/><\/a><\/td>\n<td style=\"vertical-align: middle; text-align: center;\"><a href=\"https:\/\/elcotarro.com\/wp-content\/uploads\/2020\/01\/cotarro_279_12ene2020.pdf\" target=\"_blank\" rel=\"noopener noreferrer\"><img loading=\"lazy\" decoding=\"async\" class=\"aligncenter wp-image-2073 size-full\" src=\"https:\/\/elcotarro.com\/wp-content\/uploads\/2020\/01\/cotarro_279_12ene2020_hemeroteca.jpg\" alt=\"\" width=\"150\" height=\"210\" \/><\/a><\/td>\n<td style=\"vertical-align: middle; text-align: center;\"><a href=\"https:\/\/elcotarro.com\/wp-content\/uploads\/2020\/01\/cotarro_280_19ene2020.pdf\" target=\"_blank\" rel=\"noopener noreferrer\"><img loading=\"lazy\" decoding=\"async\" class=\"aligncenter wp-image-2073 size-full\" src=\"https:\/\/elcotarro.com\/wp-content\/uploads\/2020\/01\/cotarro_280_19ene2020_hemeroteca.jpg\" alt=\"\" width=\"150\" height=\"210\" \/><\/a><\/td>\n<\/tr>\n<tr>\n<td style=\"text-align: center; width: 150px;\">N\u00ba 281 &#8211; 26 Enero<\/td>\n<td style=\"text-align: center; width: 150px;\"><\/td>\n<td style=\"text-align: center; width: 150px;\"><\/td>\n<\/tr>\n<td style=\"vertical-align: middle; text-align: center;\"><a href=\"https:\/\/elcotarro.com\/wp-content\/uploads\/2020\/01\/cotarro_281_26ene2020.pdf\" target=\"_blank\" rel=\"noopener noreferrer\"><img loading=\"lazy\" decoding=\"async\" class=\"aligncenter wp-image-2073 size-full\" src=\"https:\/\/elcotarro.com\/wp-content\/uploads\/2020\/01\/cotarro_281_26ene2020_hemeroteca.jpg\" alt=\"\" width=\"150\" height=\"210\" \/><\/a><\/td>\n<td><\/td>\n<td><\/td>\n<\/tbody>\n<\/table>\n","protected":false},"excerpt":{"rendered":"<p>Relaci\u00f3n de p\u00e1ginas de \u00abEl Cotarro\u00bb publicadas en plataforma digital en el A\u00d1O 2020: Junio &#8211; 2020 N\u00ba 300 &#8211; 07 Junio Mayo &#8211; 2020 N\u00ba 295 &#8211; 03 Mayo N\u00ba 296 &#8211; 10 Mayo N\u00ba 297 &#8211; 17 Mayo N\u00ba 298 &#8211; 24 Mayo N\u00ba 299 &#8211; 31 Mayo Abril &#8211; 2020 N\u00ba 291 &#8230; <a class=\"read-more\" href=\"https:\/\/elcotarro.com\/?page_id=7757\">Read more<\/a><\/p>\n","protected":false},"author":1,"featured_media":0,"parent":0,"menu_order":0,"comment_status":"closed","ping_status":"closed","template":"","meta":{"footnotes":""},"class_list":["post-7757","page","type-page","status-publish"],"yoast_head":"<!-- This site is optimized with the Yoast SEO plugin v27.0 - https:\/\/yoast.com\/product\/yoast-seo-wordpress\/ -->\n<title>A\u00f1o 2020 - El Cotarro<\/title>\n<meta name=\"robots\" content=\"index, follow, max-snippet:-1, max-image-preview:large, max-video-preview:-1\" \/>\n<link rel=\"canonical\" href=\"https:\/\/elcotarro.com\/?page_id=7757\" \/>\n<meta property=\"og:locale\" content=\"es_ES\" \/>\n<meta property=\"og:type\" content=\"article\" \/>\n<meta property=\"og:title\" content=\"A\u00f1o 2020 - El Cotarro\" \/>\n<meta property=\"og:description\" content=\"Relaci\u00f3n de p\u00e1ginas de \u00abEl Cotarro\u00bb publicadas en plataforma digital en el A\u00d1O 2020: Junio &#8211; 2020 N\u00ba 300 &#8211; 07 Junio Mayo &#8211; 2020 N\u00ba 295 &#8211; 03 Mayo N\u00ba 296 &#8211; 10 Mayo N\u00ba 297 &#8211; 17 Mayo N\u00ba 298 &#8211; 24 Mayo N\u00ba 299 &#8211; 31 Mayo Abril &#8211; 2020 N\u00ba 291 ... Read more\" \/>\n<meta property=\"og:url\" content=\"https:\/\/elcotarro.com\/?page_id=7757\" \/>\n<meta property=\"og:site_name\" content=\"El Cotarro\" \/>\n<meta property=\"article:publisher\" content=\"https:\/\/www.facebook.com\/ElCotarro.Tenerife\" \/>\n<meta property=\"article:modified_time\" content=\"2020-06-07T08:11:41+00:00\" \/>\n<meta property=\"og:image\" content=\"https:\/\/elcotarro.com\/wp-content\/uploads\/2020\/06\/cotarro_300_07jun2020_hemeroteca.jpg\" \/>\n<script type=\"application\/ld+json\" class=\"yoast-schema-graph\">{\"@context\":\"https:\/\/schema.org\",\"@graph\":[{\"@type\":\"WebPage\",\"@id\":\"https:\/\/elcotarro.com\/?page_id=7757\",\"url\":\"https:\/\/elcotarro.com\/?page_id=7757\",\"name\":\"A\u00f1o 2020 - El Cotarro\",\"isPartOf\":{\"@id\":\"https:\/\/elcotarro.com\/#website\"},\"primaryImageOfPage\":{\"@id\":\"https:\/\/elcotarro.com\/?page_id=7757#primaryimage\"},\"image\":{\"@id\":\"https:\/\/elcotarro.com\/?page_id=7757#primaryimage\"},\"thumbnailUrl\":\"https:\/\/elcotarro.com\/wp-content\/uploads\/2020\/06\/cotarro_300_07jun2020_hemeroteca.jpg\",\"datePublished\":\"2020-01-04T19:35:56+00:00\",\"dateModified\":\"2020-06-07T08:11:41+00:00\",\"breadcrumb\":{\"@id\":\"https:\/\/elcotarro.com\/?page_id=7757#breadcrumb\"},\"inLanguage\":\"es\",\"potentialAction\":[{\"@type\":\"ReadAction\",\"target\":[\"https:\/\/elcotarro.com\/?page_id=7757\"]}]},{\"@type\":\"ImageObject\",\"inLanguage\":\"es\",\"@id\":\"https:\/\/elcotarro.com\/?page_id=7757#primaryimage\",\"url\":\"https:\/\/elcotarro.com\/wp-content\/uploads\/2020\/06\/cotarro_300_07jun2020_hemeroteca.jpg\",\"contentUrl\":\"https:\/\/elcotarro.com\/wp-content\/uploads\/2020\/06\/cotarro_300_07jun2020_hemeroteca.jpg\",\"width\":150,\"height\":215},{\"@type\":\"BreadcrumbList\",\"@id\":\"https:\/\/elcotarro.com\/?page_id=7757#breadcrumb\",\"itemListElement\":[{\"@type\":\"ListItem\",\"position\":1,\"name\":\"Portada\",\"item\":\"https:\/\/elcotarro.com\/\"},{\"@type\":\"ListItem\",\"position\":2,\"name\":\"A\u00f1o 2020\"}]},{\"@type\":\"WebSite\",\"@id\":\"https:\/\/elcotarro.com\/#website\",\"url\":\"https:\/\/elcotarro.com\/\",\"name\":\"El Cotarro\",\"description\":\"Peri\u00f3dico Digital Independiente dirigido por Jos\u00e9 Carlos Marrero\",\"publisher\":{\"@id\":\"https:\/\/elcotarro.com\/#organization\"},\"potentialAction\":[{\"@type\":\"SearchAction\",\"target\":{\"@type\":\"EntryPoint\",\"urlTemplate\":\"https:\/\/elcotarro.com\/?s={search_term_string}\"},\"query-input\":{\"@type\":\"PropertyValueSpecification\",\"valueRequired\":true,\"valueName\":\"search_term_string\"}}],\"inLanguage\":\"es\"},{\"@type\":\"Organization\",\"@id\":\"https:\/\/elcotarro.com\/#organization\",\"name\":\"El Cotarro\",\"url\":\"https:\/\/elcotarro.com\/\",\"logo\":{\"@type\":\"ImageObject\",\"inLanguage\":\"es\",\"@id\":\"https:\/\/elcotarro.com\/#\/schema\/logo\/image\/\",\"url\":\"https:\/\/elcotarro.com\/wp-content\/uploads\/2014\/09\/Cabecera_El_Cotarro_v2.jpg\",\"contentUrl\":\"https:\/\/elcotarro.com\/wp-content\/uploads\/2014\/09\/Cabecera_El_Cotarro_v2.jpg\",\"width\":3540,\"height\":441,\"caption\":\"El Cotarro\"},\"image\":{\"@id\":\"https:\/\/elcotarro.com\/#\/schema\/logo\/image\/\"},\"sameAs\":[\"https:\/\/www.facebook.com\/ElCotarro.Tenerife\"]}]}<\/script>\n<!-- \/ Yoast SEO plugin. -->","yoast_head_json":{"title":"A\u00f1o 2020 - El Cotarro","robots":{"index":"index","follow":"follow","max-snippet":"max-snippet:-1","max-image-preview":"max-image-preview:large","max-video-preview":"max-video-preview:-1"},"canonical":"https:\/\/elcotarro.com\/?page_id=7757","og_locale":"es_ES","og_type":"article","og_title":"A\u00f1o 2020 - El Cotarro","og_description":"Relaci\u00f3n de p\u00e1ginas de \u00abEl Cotarro\u00bb publicadas en plataforma digital en el A\u00d1O 2020: Junio &#8211; 2020 N\u00ba 300 &#8211; 07 Junio Mayo &#8211; 2020 N\u00ba 295 &#8211; 03 Mayo N\u00ba 296 &#8211; 10 Mayo N\u00ba 297 &#8211; 17 Mayo N\u00ba 298 &#8211; 24 Mayo N\u00ba 299 &#8211; 31 Mayo Abril &#8211; 2020 N\u00ba 291 ... Read more","og_url":"https:\/\/elcotarro.com\/?page_id=7757","og_site_name":"El Cotarro","article_publisher":"https:\/\/www.facebook.com\/ElCotarro.Tenerife","article_modified_time":"2020-06-07T08:11:41+00:00","og_image":[{"url":"https:\/\/elcotarro.com\/wp-content\/uploads\/2020\/06\/cotarro_300_07jun2020_hemeroteca.jpg","type":"","width":"","height":""}],"schema":{"@context":"https:\/\/schema.org","@graph":[{"@type":"WebPage","@id":"https:\/\/elcotarro.com\/?page_id=7757","url":"https:\/\/elcotarro.com\/?page_id=7757","name":"A\u00f1o 2020 - El Cotarro","isPartOf":{"@id":"https:\/\/elcotarro.com\/#website"},"primaryImageOfPage":{"@id":"https:\/\/elcotarro.com\/?page_id=7757#primaryimage"},"image":{"@id":"https:\/\/elcotarro.com\/?page_id=7757#primaryimage"},"thumbnailUrl":"https:\/\/elcotarro.com\/wp-content\/uploads\/2020\/06\/cotarro_300_07jun2020_hemeroteca.jpg","datePublished":"2020-01-04T19:35:56+00:00","dateModified":"2020-06-07T08:11:41+00:00","breadcrumb":{"@id":"https:\/\/elcotarro.com\/?page_id=7757#breadcrumb"},"inLanguage":"es","potentialAction":[{"@type":"ReadAction","target":["https:\/\/elcotarro.com\/?page_id=7757"]}]},{"@type":"ImageObject","inLanguage":"es","@id":"https:\/\/elcotarro.com\/?page_id=7757#primaryimage","url":"https:\/\/elcotarro.com\/wp-content\/uploads\/2020\/06\/cotarro_300_07jun2020_hemeroteca.jpg","contentUrl":"https:\/\/elcotarro.com\/wp-content\/uploads\/2020\/06\/cotarro_300_07jun2020_hemeroteca.jpg","width":150,"height":215},{"@type":"BreadcrumbList","@id":"https:\/\/elcotarro.com\/?page_id=7757#breadcrumb","itemListElement":[{"@type":"ListItem","position":1,"name":"Portada","item":"https:\/\/elcotarro.com\/"},{"@type":"ListItem","position":2,"name":"A\u00f1o 2020"}]},{"@type":"WebSite","@id":"https:\/\/elcotarro.com\/#website","url":"https:\/\/elcotarro.com\/","name":"El Cotarro","description":"Peri\u00f3dico Digital Independiente dirigido por Jos\u00e9 Carlos Marrero","publisher":{"@id":"https:\/\/elcotarro.com\/#organization"},"potentialAction":[{"@type":"SearchAction","target":{"@type":"EntryPoint","urlTemplate":"https:\/\/elcotarro.com\/?s={search_term_string}"},"query-input":{"@type":"PropertyValueSpecification","valueRequired":true,"valueName":"search_term_string"}}],"inLanguage":"es"},{"@type":"Organization","@id":"https:\/\/elcotarro.com\/#organization","name":"El Cotarro","url":"https:\/\/elcotarro.com\/","logo":{"@type":"ImageObject","inLanguage":"es","@id":"https:\/\/elcotarro.com\/#\/schema\/logo\/image\/","url":"https:\/\/elcotarro.com\/wp-content\/uploads\/2014\/09\/Cabecera_El_Cotarro_v2.jpg","contentUrl":"https:\/\/elcotarro.com\/wp-content\/uploads\/2014\/09\/Cabecera_El_Cotarro_v2.jpg","width":3540,"height":441,"caption":"El Cotarro"},"image":{"@id":"https:\/\/elcotarro.com\/#\/schema\/logo\/image\/"},"sameAs":["https:\/\/www.facebook.com\/ElCotarro.Tenerife"]}]}},"jetpack_sharing_enabled":true,"_links":{"self":[{"href":"https:\/\/elcotarro.com\/index.php?rest_route=\/wp\/v2\/pages\/7757","targetHints":{"allow":["GET"]}}],"collection":[{"href":"https:\/\/elcotarro.com\/index.php?rest_route=\/wp\/v2\/pages"}],"about":[{"href":"https:\/\/elcotarro.com\/index.php?rest_route=\/wp\/v2\/types\/page"}],"author":[{"embeddable":true,"href":"https:\/\/elcotarro.com\/index.php?rest_route=\/wp\/v2\/users\/1"}],"replies":[{"embeddable":true,"href":"https:\/\/elcotarro.com\/index.php?rest_route=%2Fwp%2Fv2%2Fcomments&post=7757"}],"version-history":[{"count":29,"href":"https:\/\/elcotarro.com\/index.php?rest_route=\/wp\/v2\/pages\/7757\/revisions"}],"predecessor-version":[{"id":8410,"href":"https:\/\/elcotarro.com\/index.php?rest_route=\/wp\/v2\/pages\/7757\/revisions\/8410"}],"wp:attachment":[{"href":"https:\/\/elcotarro.com\/index.php?rest_route=%2Fwp%2Fv2%2Fmedia&parent=7757"}],"curies":[{"name":"wp","href":"https:\/\/api.w.org\/{rel}","templated":true}]}}